{"id":2,"date":"2023-04-11T12:02:03","date_gmt":"2023-04-11T12:02:03","guid":{"rendered":"http:\/\/193.194.89.175\/wp_lpm\/?page_id=2"},"modified":"2023-07-12T23:07:29","modified_gmt":"2023-07-12T23:07:29","slug":"sample-page","status":"publish","type":"page","link":"https:\/\/lpm.usthb.dz\/","title":{"rendered":"Intitul\u00e9 du laboratoire :"},"content":{"rendered":"\n<h1 class=\"has-text-align-center\">Laboratoire de Physique des Mat\u00e9riaux&nbsp;&nbsp;<\/h1>\n\n\n\n<h1 class=\"has-text-align-center\"><strong>\u0645\u062e\u0628\u0631 \u0641\u064a\u0632\u064a\u0627\u0621 \u0627\u0644\u0645\u0648\u0627\u062f<\/strong><\/h1>\n\n\n\n<p><strong>Agr\u00e9ment&nbsp;:&nbsp;<\/strong>Arr\u00eat\u00e9 N\u00b088 du 25 Juillet 2000<\/p>\n\n\n\n<h3><strong>Coordonn\u00e9es :<\/strong><\/h3>\n\n\n\n<p><strong>Directrice du Laboratoire\u00a0:<\/strong>\u00a0Nadia Saidi-Amroun\u00a0 \u00a0 \u00a0 \u00a0<br><strong>Grade\u00a0:\u00a0<\/strong>Professeur<br><strong>Nomm\u00e9 par arr\u00eat\u00e9 N\u00b0\u00a0:<\/strong>\u00a0107 du 06 novembre 2022<\/p>\n\n\n\n<p><\/p>\n","protected":false},"excerpt":{"rendered":"<p>Laboratoire de Physique des Mat\u00e9riaux&nbsp;&nbsp; \u0645\u062e\u0628\u0631 \u0641\u064a\u0632\u064a\u0627\u0621 \u0627\u0644\u0645\u0648\u0627\u062f Agr\u00e9ment&nbsp;:&nbsp;Arr\u00eat\u00e9 N\u00b088 du 25 Juillet 2000 Coordonn\u00e9es : Directrice du Laboratoire\u00a0:\u00a0Nadia Saidi-Amroun\u00a0 \u00a0 \u00a0 \u00a0Grade\u00a0:\u00a0ProfesseurNomm\u00e9 par arr\u00eat\u00e9 N\u00b0\u00a0:\u00a0107 du 06 novembre 2022<\/p>\n","protected":false},"author":1,"featured_media":48,"parent":0,"menu_order":0,"comment_status":"closed","ping_status":"open","template":"","meta":[],"_links":{"self":[{"href":"https:\/\/lpm.usthb.dz\/index.php\/wp-json\/wp\/v2\/pages\/2"}],"collection":[{"href":"https:\/\/lpm.usthb.dz\/index.php\/wp-json\/wp\/v2\/pages"}],"about":[{"href":"https:\/\/lpm.usthb.dz\/index.php\/wp-json\/wp\/v2\/types\/page"}],"author":[{"embeddable":true,"href":"https:\/\/lpm.usthb.dz\/index.php\/wp-json\/wp\/v2\/users\/1"}],"replies":[{"embeddable":true,"href":"https:\/\/lpm.usthb.dz\/index.php\/wp-json\/wp\/v2\/comments?post=2"}],"version-history":[{"count":6,"href":"https:\/\/lpm.usthb.dz\/index.php\/wp-json\/wp\/v2\/pages\/2\/revisions"}],"predecessor-version":[{"id":107,"href":"https:\/\/lpm.usthb.dz\/index.php\/wp-json\/wp\/v2\/pages\/2\/revisions\/107"}],"wp:featuredmedia":[{"embeddable":true,"href":"https:\/\/lpm.usthb.dz\/index.php\/wp-json\/wp\/v2\/media\/48"}],"wp:attachment":[{"href":"https:\/\/lpm.usthb.dz\/index.php\/wp-json\/wp\/v2\/media?parent=2"}],"curies":[{"name":"wp","href":"https:\/\/api.w.org\/{rel}","templated":true}]}}